{"id":242,"date":"2022-10-20T14:16:00","date_gmt":"2022-10-20T18:16:00","guid":{"rendered":"https:\/\/gopneuslaval.com\/mecanique-generale\/"},"modified":"2024-10-04T14:38:08","modified_gmt":"2024-10-04T18:38:08","slug":"general-maintenance","status":"publish","type":"page","link":"https:\/\/gopneuslaval.com\/en\/general-maintenance\/","title":{"rendered":"General Maintenance"},"content":{"rendered":"<div class=\"wpb-content-wrapper\"><p>[vc_row css_animation=&#8221;&#8221; row_type=&#8221;row&#8221; use_row_as_full_screen_section=&#8221;no&#8221; type=&#8221;full_width&#8221; angled_section=&#8221;no&#8221; text_align=&#8221;left&#8221; background_image_as_pattern=&#8221;without_pattern&#8221;][vc_column]\n\t\t\t<!-- START M\u00e9canique g\u00e9n\u00e9rale REVOLUTION SLIDER 6.7.38 --><p class=\"rs-p-wp-fix\"><\/p>\n\t\t\t<rs-module-wrap id=\"rev_slider_2_1_wrapper\" data-source=\"gallery\" style=\"visibility:hidden;background:transparent;padding:0;margin:0px auto;margin-top:0;margin-bottom:0;\">\n\t\t\t\t<rs-module id=\"rev_slider_2_1\" style=\"\" data-version=\"6.7.38\">\n\t\t\t\t\t<rs-slides style=\"overflow: hidden; position: absolute;\">\n\t\t\t\t\t\t<rs-slide style=\"position: absolute;\" data-key=\"rs-17\" data-title=\"Slide EN\" data-in=\"o:0;\" data-out=\"a:false;\">\n\t\t\t\t\t\t\t<img decoding=\"async\" src=\"\/\/gopneuslaval.com\/wp-content\/plugins\/revslider\/sr6\/assets\/assets\/dummy.png\" alt=\"\" title=\"top-pages\" width=\"2560\" height=\"500\" class=\"rev-slidebg tp-rs-img rs-lazyload\" data-lazyload=\"\/\/gopneuslaval.com\/wp-content\/uploads\/2024\/09\/top-pages.jpg\" data-bg=\"p:right center;\" data-no-retina>\n<!--\n\t\t\t\t\t\t\t--><h1\n\t\t\t\t\t\t\t\tid=\"slider-2-slide-17-layer-2\" \n\t\t\t\t\t\t\t\tclass=\"rs-layer\"\n\t\t\t\t\t\t\t\tdata-type=\"text\"\n\t\t\t\t\t\t\t\tdata-color=\"#ffffff\"\n\t\t\t\t\t\t\t\tdata-rsp_ch=\"on\"\n\t\t\t\t\t\t\t\tdata-xy=\"x:197px;y:c;yo:60px;\"\n\t\t\t\t\t\t\t\tdata-text=\"w:normal;s:60;l:60;fw:900;\"\n\t\t\t\t\t\t\t\tdata-frame_999=\"o:0;st:w;\"\n\t\t\t\t\t\t\t\tstyle=\"z-index:11;font-family:'Lato';text-transform:uppercase;\"\n\t\t\t\t\t\t\t>General maintenance <br \/>\nand repairs \n\t\t\t\t\t\t\t<\/h1><!--\n\n\t\t\t\t\t\t\t--><rs-layer\n\t\t\t\t\t\t\t\tid=\"slider-2-slide-17-layer-3\" \n\t\t\t\t\t\t\t\tdata-type=\"image\"\n\t\t\t\t\t\t\t\tdata-rsp_ch=\"on\"\n\t\t\t\t\t\t\t\tdata-xy=\"y:c;yo:60px;\"\n\t\t\t\t\t\t\t\tdata-text=\"w:normal;\"\n\t\t\t\t\t\t\t\tdata-dim=\"w:192px;h:180px;\"\n\t\t\t\t\t\t\t\tdata-frame_999=\"o:0;st:w;\"\n\t\t\t\t\t\t\t\tstyle=\"z-index:13;\"\n\t\t\t\t\t\t\t><img decoding=\"async\" src=\"\/\/gopneuslaval.com\/wp-content\/plugins\/revslider\/sr6\/assets\/assets\/dummy.png\" alt=\"m\u00e9canique generale\" class=\"tp-rs-img rs-lazyload\" width=\"500\" height=\"468\" data-lazyload=\"\/\/gopneuslaval.com\/wp-content\/uploads\/2024\/09\/icon-mecanique-vert.png\" data-no-retina> \n\t\t\t\t\t\t\t<\/rs-layer><!--\n-->\t\t\t\t\t<\/rs-slide>\n\t\t\t\t\t<\/rs-slides>\n\t\t\t\t<\/rs-module>\n\t\t\t\t<script>\n\t\t\t\t\tsetREVStartSize({c: 'rev_slider_2_1',rl:[1240,1024,778,480],el:[500],gw:[1400],gh:[500],type:'standard',justify:'',layout:'fullwidth',mh:\"0\"});if (window.RS_MODULES!==undefined && window.RS_MODULES.modules!==undefined && window.RS_MODULES.modules[\"revslider21\"]!==undefined) {window.RS_MODULES.modules[\"revslider21\"].once = false;window.revapi2 = undefined;if (window.RS_MODULES.checkMinimal!==undefined) window.RS_MODULES.checkMinimal()}\n\t\t\t\t<\/script>\n\t\t\t<\/rs-module-wrap>\n\t\t\t<!-- END REVOLUTION SLIDER -->\n[\/vc_column][\/vc_row][vc_row css_animation=&#8221;&#8221; row_type=&#8221;row&#8221; use_row_as_full_screen_section=&#8221;no&#8221; type=&#8221;grid&#8221; angled_section=&#8221;no&#8221; text_align=&#8221;left&#8221; background_image_as_pattern=&#8221;without_pattern&#8221; css=&#8221;.vc_custom_1666272229931{padding-top: 75px !important;padding-bottom: 75px !important;}&#8221; z_index=&#8221;&#8221;][vc_column width=&#8221;1\/3&#8243;][vc_column_text css=&#8221;&#8221;]<\/p>\n<h2><span class=\"blue\">on the road<\/span><br \/>\n<span class=\"blue\">longer<\/span><br \/>\n<span class=\"yellow\">with Go Pneus<\/span><br \/>\n<span class=\"yellow\">Laval<\/span><\/h2>\n<p>[\/vc_column_text][vc_empty_space][\/vc_column][vc_column width=&#8221;2\/3&#8243;][vc_column_text css=&#8221;&#8221;]At Go pneu Laval, our primary goal is to keep your car on the road for as long as possible while making maintenance and repairs as hassle-free as possible.<\/p>\n<p>&nbsp;<\/p>\n<p>By scheduling your vehicle maintenance with us, you can drive with peace of mind and safety. Our team of professionals is equipped with state-of-the-art diagnostic tools, no matter what type of vehicle you have.<\/p>\n<p>&nbsp;<\/p>\n<p>We prioritize transparency, explaining only the necessary repairs for your vehicle. We focus on building a trusting relationship with our clients, which has established our reputation and longevity for over 20 years.[\/vc_column_text][\/vc_column][\/vc_row][vc_row css_animation=&#8221;&#8221; row_type=&#8221;row&#8221; use_row_as_full_screen_section=&#8221;no&#8221; type=&#8221;grid&#8221; angled_section=&#8221;no&#8221; text_align=&#8221;center&#8221; background_image_as_pattern=&#8221;without_pattern&#8221; css=&#8221;.vc_custom_1666288650674{padding-top: 100px !important;padding-bottom: 100px !important;background-color: #f2f2f2 !important;}&#8221; z_index=&#8221;&#8221;][vc_column][vc_column_text css=&#8221;&#8221;]<\/p>\n<h2 style=\"text-align: center;\">Our services<\/h2>\n<p>[\/vc_column_text][vc_empty_space][vc_row_inner row_type=&#8221;row&#8221; type=&#8221;full_width&#8221; text_align=&#8221;left&#8221; css_animation=&#8221;&#8221;][vc_column_inner width=&#8221;1\/3&#8243;][vc_column_text css=&#8221;&#8221;]<\/p>\n<ul>\n<li>Recommended Automotive Maintenance<\/li>\n<li>Fleet management and maintenance for commercial vehicles<\/li>\n<li>Cabin filter<\/li>\n<li>Cooling system<\/li>\n<li>Fuel system<\/li>\n<li>Oil change<\/li>\n<li>Windshield wipers<\/li>\n<li>Wheel alignment<\/li>\n<li>Brake booster and braking system<\/li>\n<\/ul>\n<p>[\/vc_column_text][\/vc_column_inner][vc_column_inner width=&#8221;1\/3&#8243;][vc_column_text css=&#8221;&#8221;]<\/p>\n<ul>\n<li>Serpentine belt<\/li>\n<li>Spark plugs<\/li>\n<li>Steering system<\/li>\n<li>Timing belt<\/li>\n<li>Transfer case maintenance<\/li>\n<li>Transmission<\/li>\n<li>Air conditioning<\/li>\n<li>Alternator<\/li>\n<li>Battery<\/li>\n<\/ul>\n<p>[\/vc_column_text][\/vc_column_inner][vc_column_inner width=&#8221;1\/3&#8243;][vc_column_text css=&#8221;&#8221;]<\/p>\n<ul>\n<li>Warning lights<\/li>\n<li>Brakes<\/li>\n<li>Shocks and struts<\/li>\n<\/ul>\n<p>[\/vc_column_text][\/vc_column_inner][\/vc_row_inner][vc_empty_space]<a  itemprop=\"url\" href=\"\/en\/contact-us\/\" target=\"_self\" data-hover-background-color='#65B32E' data-hover-border-color='#65B32E' data-hover-color='#ffffff' class=\"qbutton  center default\" style=\"color: #65B32E; border-color: #65B32E; font-style: normal; font-weight: 800; font-family: Lato; text-transform: uppercase; font-size: 18px; background-color: #ffffff;\">Contact us<\/a>[\/vc_column][\/vc_row][vc_row css_animation=&#8221;&#8221; row_type=&#8221;row&#8221; use_row_as_full_screen_section=&#8221;no&#8221; type=&#8221;grid&#8221; angled_section=&#8221;no&#8221; text_align=&#8221;center&#8221; background_image_as_pattern=&#8221;without_pattern&#8221; css=&#8221;.vc_custom_1727787902740{padding-top: 75px !important;padding-bottom: 75px !important;}&#8221; z_index=&#8221;&#8221; el_class=&#8221;background-services&#8221;][vc_column width=&#8221;1\/5&#8243;][vc_single_image image=&#8221;167&#8243; img_size=&#8221;full&#8221; alignment=&#8221;center&#8221; onclick=&#8221;custom_link&#8221; css=&#8221;&#8221; qode_css_animation=&#8221;&#8221; link=&#8221;https:\/\/gopneuslaval.com\/mecanique-generale&#8221;][vc_empty_space height=&#8221;20px&#8221;][vc_column_text css=&#8221;&#8221;]<\/p>\n<h3 class=\"blue\" style=\"text-align: center;\">General<br \/>\nmaintenance<\/h3>\n<p>[\/vc_column_text][\/vc_column][vc_column width=&#8221;1\/5&#8243;][vc_single_image image=&#8221;169&#8243; img_size=&#8221;full&#8221; alignment=&#8221;center&#8221; onclick=&#8221;custom_link&#8221; css=&#8221;&#8221; qode_css_animation=&#8221;&#8221; link=&#8221;https:\/\/gopneuslaval.com\/antirouille&#8221;][vc_empty_space height=&#8221;20px&#8221;][vc_column_text css=&#8221;&#8221;]<\/p>\n<h3 class=\"blue\" style=\"text-align: center;\">Rust protection<br \/>\ntreatment<\/h3>\n<p>[\/vc_column_text][\/vc_column][vc_column width=&#8221;1\/5&#8243;][vc_single_image image=&#8221;171&#8243; img_size=&#8221;full&#8221; alignment=&#8221;center&#8221; onclick=&#8221;custom_link&#8221; css=&#8221;&#8221; qode_css_animation=&#8221;&#8221; link=&#8221;https:\/\/gopneuslaval.com\/vente-pose-pneus&#8221;][vc_empty_space height=&#8221;20px&#8221;][vc_column_text css=&#8221;&#8221;]<\/p>\n<h3 class=\"blue\" style=\"text-align: center;\">Tire sales<br \/>\nand installation<\/h3>\n<p>[\/vc_column_text][\/vc_column][vc_column width=&#8221;1\/5&#8243;][vc_single_image image=&#8221;173&#8243; img_size=&#8221;full&#8221; alignment=&#8221;center&#8221; onclick=&#8221;custom_link&#8221; css=&#8221;&#8221; qode_css_animation=&#8221;&#8221; link=&#8221;https:\/\/gopneuslaval.com\/reparation-parebrise&#8221;][vc_empty_space height=&#8221;20px&#8221;][vc_column_text css=&#8221;&#8221;]<\/p>\n<h3 class=\"blue\" style=\"text-align: center;\">Windshield<br \/>\nrepair<\/h3>\n<p>[\/vc_column_text][\/vc_column][vc_column width=&#8221;1\/5&#8243;][vc_single_image image=&#8221;175&#8243; img_size=&#8221;full&#8221; alignment=&#8221;center&#8221; onclick=&#8221;custom_link&#8221; css=&#8221;&#8221; qode_css_animation=&#8221;&#8221; link=&#8221;https:\/\/gopneuslaval.com\/mecanique-hybride-electrique&#8221;][vc_empty_space height=&#8221;20px&#8221;][vc_column_text css=&#8221;&#8221;]<\/p>\n<h3 class=\"blue\" style=\"text-align: center;\">Hybrid<br \/>\nand electric<\/h3>\n<p>[\/vc_column_text][\/vc_column][\/vc_row]<\/p>\n<\/div>","protected":false},"excerpt":{"rendered":"<p>[vc_row css_animation=&#8221;&#8221; row_type=&#8221;row&#8221; use_row_as_full_screen_section=&#8221;no&#8221; type=&#8221;full_width&#8221; angled_section=&#8221;no&#8221; text_align=&#8221;left&#8221; background_image_as_pattern=&#8221;without_pattern&#8221;][vc_column][\/vc_column][\/vc_row][vc_row css_animation=&#8221;&#8221; row_type=&#8221;row&#8221; use_row_as_full_screen_section=&#8221;no&#8221; type=&#8221;grid&#8221; angled_section=&#8221;no&#8221; text_align=&#8221;left&#8221; background_image_as_pattern=&#8221;without_pattern&#8221; css=&#8221;.vc_custom_1666272229931{padding-top: 75px !important;padding-bottom: 75px !important;}&#8221; z_index=&#8221;&#8221;][vc_column width=&#8221;1\/3&#8243;][vc_column_text css=&#8221;&#8221;] on the road longer with Go Pneus Laval [\/vc_column_text][vc_empty_space][\/vc_column][vc_column width=&#8221;2\/3&#8243;][vc_column_text css=&#8221;&#8221;]At Go pneu Laval, our primary goal is to keep your car&#8230;<\/p>\n","protected":false},"author":1,"featured_media":0,"parent":0,"menu_order":0,"comment_status":"closed","ping_status":"closed","template":"full_width.php","meta":{"footnotes":""},"class_list":["post-242","page","type-page","status-publish","hentry"],"yoast_head":"<!-- This site is optimized with the Yoast SEO plugin v26.8 - https:\/\/yoast.com\/product\/yoast-seo-wordpress\/ -->\n<title>General maintenance and mechanics in Laval | Go Pneus Laval<\/title>\n<meta name=\"description\" content=\"Discover our general mechanical services. Go Pneus Laval meets all your truck and car repair and maintenance needs.\" \/>\n<meta name=\"robots\" content=\"index, follow, max-snippet:-1, max-image-preview:large, max-video-preview:-1\" \/>\n<link rel=\"canonical\" href=\"https:\/\/gopneuslaval.com\/en\/general-maintenance\/\" \/>\n<meta property=\"og:locale\" content=\"en_US\" \/>\n<meta property=\"og:type\" content=\"article\" \/>\n<meta property=\"og:title\" content=\"General maintenance and mechanics in Laval | Go Pneus Laval\" \/>\n<meta property=\"og:description\" content=\"Discover our general mechanical services. Go Pneus Laval meets all your truck and car repair and maintenance needs.\" \/>\n<meta property=\"og:url\" content=\"https:\/\/gopneuslaval.com\/en\/general-maintenance\/\" \/>\n<meta property=\"og:site_name\" content=\"GO PNEUS LAVAL\" \/>\n<meta property=\"article:modified_time\" content=\"2024-10-04T18:38:08+00:00\" \/>\n<meta property=\"og:image\" content=\"https:\/\/gopneuslaval.com\/wp-content\/uploads\/2024\/10\/OG.jpg\" \/>\n\t<meta property=\"og:image:width\" content=\"1200\" \/>\n\t<meta property=\"og:image:height\" content=\"630\" \/>\n\t<meta property=\"og:image:type\" content=\"image\/jpeg\" \/>\n<meta name=\"twitter:card\" content=\"summary_large_image\" \/>\n<meta name=\"twitter:label1\" content=\"Est. reading time\" \/>\n\t<meta name=\"twitter:data1\" content=\"2 minutes\" \/>\n<script type=\"application\/ld+json\" class=\"yoast-schema-graph\">{\"@context\":\"https:\/\/schema.org\",\"@graph\":[{\"@type\":\"WebPage\",\"@id\":\"https:\/\/gopneuslaval.com\/en\/general-maintenance\/\",\"url\":\"https:\/\/gopneuslaval.com\/en\/general-maintenance\/\",\"name\":\"General maintenance and mechanics in Laval | Go Pneus Laval\",\"isPartOf\":{\"@id\":\"https:\/\/gopneuslaval.com\/#website\"},\"datePublished\":\"2022-10-20T18:16:00+00:00\",\"dateModified\":\"2024-10-04T18:38:08+00:00\",\"description\":\"Discover our general mechanical services. Go Pneus Laval meets all your truck and car repair and maintenance needs.\",\"breadcrumb\":{\"@id\":\"https:\/\/gopneuslaval.com\/en\/general-maintenance\/#breadcrumb\"},\"inLanguage\":\"en-CA\",\"potentialAction\":[{\"@type\":\"ReadAction\",\"target\":[\"https:\/\/gopneuslaval.com\/en\/general-maintenance\/\"]}]},{\"@type\":\"BreadcrumbList\",\"@id\":\"https:\/\/gopneuslaval.com\/en\/general-maintenance\/#breadcrumb\",\"itemListElement\":[{\"@type\":\"ListItem\",\"position\":1,\"name\":\"Accueil\",\"item\":\"https:\/\/gopneuslaval.com\/en\/\"},{\"@type\":\"ListItem\",\"position\":2,\"name\":\"General Maintenance\"}]},{\"@type\":\"WebSite\",\"@id\":\"https:\/\/gopneuslaval.com\/#website\",\"url\":\"https:\/\/gopneuslaval.com\/\",\"name\":\"GO PNEUS LAVAL\",\"description\":\"Meilleur garage m\u00e9canique et pneus \u00e0 Laval\",\"publisher\":{\"@id\":\"https:\/\/gopneuslaval.com\/#organization\"},\"potentialAction\":[{\"@type\":\"SearchAction\",\"target\":{\"@type\":\"EntryPoint\",\"urlTemplate\":\"https:\/\/gopneuslaval.com\/?s={search_term_string}\"},\"query-input\":{\"@type\":\"PropertyValueSpecification\",\"valueRequired\":true,\"valueName\":\"search_term_string\"}}],\"inLanguage\":\"en-CA\"},{\"@type\":\"Organization\",\"@id\":\"https:\/\/gopneuslaval.com\/#organization\",\"name\":\"GO PNEUS LAVAL\",\"url\":\"https:\/\/gopneuslaval.com\/\",\"logo\":{\"@type\":\"ImageObject\",\"inLanguage\":\"en-CA\",\"@id\":\"https:\/\/gopneuslaval.com\/#\/schema\/logo\/image\/\",\"url\":\"https:\/\/gopneuslaval.com\/wp-content\/uploads\/2024\/10\/cropped-favicon-1.png\",\"contentUrl\":\"https:\/\/gopneuslaval.com\/wp-content\/uploads\/2024\/10\/cropped-favicon-1.png\",\"width\":512,\"height\":512,\"caption\":\"GO PNEUS LAVAL\"},\"image\":{\"@id\":\"https:\/\/gopneuslaval.com\/#\/schema\/logo\/image\/\"}}]}<\/script>\n<!-- \/ Yoast SEO plugin. -->","yoast_head_json":{"title":"General maintenance and mechanics in Laval | Go Pneus Laval","description":"Discover our general mechanical services. Go Pneus Laval meets all your truck and car repair and maintenance needs.","robots":{"index":"index","follow":"follow","max-snippet":"max-snippet:-1","max-image-preview":"max-image-preview:large","max-video-preview":"max-video-preview:-1"},"canonical":"https:\/\/gopneuslaval.com\/en\/general-maintenance\/","og_locale":"en_US","og_type":"article","og_title":"General maintenance and mechanics in Laval | Go Pneus Laval","og_description":"Discover our general mechanical services. Go Pneus Laval meets all your truck and car repair and maintenance needs.","og_url":"https:\/\/gopneuslaval.com\/en\/general-maintenance\/","og_site_name":"GO PNEUS LAVAL","article_modified_time":"2024-10-04T18:38:08+00:00","og_image":[{"width":1200,"height":630,"url":"https:\/\/gopneuslaval.com\/wp-content\/uploads\/2024\/10\/OG.jpg","type":"image\/jpeg"}],"twitter_card":"summary_large_image","twitter_misc":{"Est. reading time":"2 minutes"},"schema":{"@context":"https:\/\/schema.org","@graph":[{"@type":"WebPage","@id":"https:\/\/gopneuslaval.com\/en\/general-maintenance\/","url":"https:\/\/gopneuslaval.com\/en\/general-maintenance\/","name":"General maintenance and mechanics in Laval | Go Pneus Laval","isPartOf":{"@id":"https:\/\/gopneuslaval.com\/#website"},"datePublished":"2022-10-20T18:16:00+00:00","dateModified":"2024-10-04T18:38:08+00:00","description":"Discover our general mechanical services. Go Pneus Laval meets all your truck and car repair and maintenance needs.","breadcrumb":{"@id":"https:\/\/gopneuslaval.com\/en\/general-maintenance\/#breadcrumb"},"inLanguage":"en-CA","potentialAction":[{"@type":"ReadAction","target":["https:\/\/gopneuslaval.com\/en\/general-maintenance\/"]}]},{"@type":"BreadcrumbList","@id":"https:\/\/gopneuslaval.com\/en\/general-maintenance\/#breadcrumb","itemListElement":[{"@type":"ListItem","position":1,"name":"Accueil","item":"https:\/\/gopneuslaval.com\/en\/"},{"@type":"ListItem","position":2,"name":"General Maintenance"}]},{"@type":"WebSite","@id":"https:\/\/gopneuslaval.com\/#website","url":"https:\/\/gopneuslaval.com\/","name":"GO PNEUS LAVAL","description":"Meilleur garage m\u00e9canique et pneus \u00e0 Laval","publisher":{"@id":"https:\/\/gopneuslaval.com\/#organization"},"potentialAction":[{"@type":"SearchAction","target":{"@type":"EntryPoint","urlTemplate":"https:\/\/gopneuslaval.com\/?s={search_term_string}"},"query-input":{"@type":"PropertyValueSpecification","valueRequired":true,"valueName":"search_term_string"}}],"inLanguage":"en-CA"},{"@type":"Organization","@id":"https:\/\/gopneuslaval.com\/#organization","name":"GO PNEUS LAVAL","url":"https:\/\/gopneuslaval.com\/","logo":{"@type":"ImageObject","inLanguage":"en-CA","@id":"https:\/\/gopneuslaval.com\/#\/schema\/logo\/image\/","url":"https:\/\/gopneuslaval.com\/wp-content\/uploads\/2024\/10\/cropped-favicon-1.png","contentUrl":"https:\/\/gopneuslaval.com\/wp-content\/uploads\/2024\/10\/cropped-favicon-1.png","width":512,"height":512,"caption":"GO PNEUS LAVAL"},"image":{"@id":"https:\/\/gopneuslaval.com\/#\/schema\/logo\/image\/"}}]}},"_links":{"self":[{"href":"https:\/\/gopneuslaval.com\/en\/wp-json\/wp\/v2\/pages\/242","targetHints":{"allow":["GET"]}}],"collection":[{"href":"https:\/\/gopneuslaval.com\/en\/wp-json\/wp\/v2\/pages"}],"about":[{"href":"https:\/\/gopneuslaval.com\/en\/wp-json\/wp\/v2\/types\/page"}],"author":[{"embeddable":true,"href":"https:\/\/gopneuslaval.com\/en\/wp-json\/wp\/v2\/users\/1"}],"replies":[{"embeddable":true,"href":"https:\/\/gopneuslaval.com\/en\/wp-json\/wp\/v2\/comments?post=242"}],"version-history":[{"count":6,"href":"https:\/\/gopneuslaval.com\/en\/wp-json\/wp\/v2\/pages\/242\/revisions"}],"predecessor-version":[{"id":471,"href":"https:\/\/gopneuslaval.com\/en\/wp-json\/wp\/v2\/pages\/242\/revisions\/471"}],"wp:attachment":[{"href":"https:\/\/gopneuslaval.com\/en\/wp-json\/wp\/v2\/media?parent=242"}],"curies":[{"name":"wp","href":"https:\/\/api.w.org\/{rel}","templated":true}]}}